{"id":2,"date":"2022-09-03T02:53:59","date_gmt":"2022-09-03T02:53:59","guid":{"rendered":"http:\/\/nudgingweb.com\/?page_id=2"},"modified":"2022-09-24T02:40:36","modified_gmt":"2022-09-24T02:40:36","slug":"servicios","status":"publish","type":"page","link":"https:\/\/nudgingweb.com\/?page_id=2","title":{"rendered":"Servicios"},"content":{"rendered":"\n<p class=\"has-medium-font-size\">Calidad, garant\u00eda e innovaci\u00f3n<\/p>\n\n\n\n<div class=\"wp-block-uagb-container uagb-block-422535c8 alignfull uagb-is-root-container\"><div class=\"uagb-container-inner-blocks-wrap\">\n<div class=\"wp-block-uagb-container uagb-block-7e281c93\">\n<div class=\"wp-block-uagb-image uagb-block-a37c6380 wp-block-uagb-image--layout-default wp-block-uagb-image--effect-static wp-block-uagb-image--align-center\"><figure class=\"wp-block-uagb-image__figure\"><img loading=\"lazy\" srcset=\"https:\/\/nudgingweb.com\/wp-content\/uploads\/2022\/09\/Paginas-web.jpg 1024w\" src=\"https:\/\/nudgingweb.com\/wp-content\/uploads\/2022\/09\/Paginas-web.jpg\" alt=\"\" class=\"uag-image-2414\" width=\"336\" height=\"226\" title=\"\"\/><\/figure><\/div>\n<\/div>\n\n\n\n<div class=\"wp-block-uagb-container uagb-block-75ea8f71\">\n<div class=\"wp-block-uagb-info-box uagb-block-032ae300 uagb-infobox__content-wrap  uagb-infobox-icon-above-title uagb-infobox-image-valign-top\"><div class=\"uagb-ifb-content\"><div class=\"uagb-ifb-title-wrap\"><h3 class=\"uagb-ifb-title\">P\u00e1ginas Web<\/h3><\/div><p class=\"uagb-ifb-desc\">Tu nueva p\u00e1gina web ser\u00e1 compatible con todos los dispositivos <br>Estar\u00e1s a la vanguardia con las \u00faltimas tecnolog\u00edas<br><br><strong>Realizamos: <\/strong><br>Dise\u00f1o web corporativo<br> tiendas virtuales<br>p\u00e1ginas web personales<br><br>Tu p\u00e1gina web estar\u00e1 24\/7 sin errores, ni fallas<br>\u00a0<em>Hosting<\/em> y <em>Dominio<\/em> totalmente <strong>GRATIS<\/strong> por el primer a\u00f1o<\/p><\/div><\/div>\n<\/div>\n<\/div><\/div>\n\n\n\n<div class=\"wp-block-uagb-container uagb-block-0d4c70c8 alignfull uagb-is-root-container\"><div class=\"uagb-container-inner-blocks-wrap\">\n<div class=\"wp-block-uagb-container uagb-block-1c9bd857\">\n<div class=\"wp-block-uagb-info-box uagb-block-25448d5d uagb-infobox__content-wrap  uagb-infobox-icon-above-title uagb-infobox-image-valign-top\"><div class=\"uagb-ifb-content\"><div class=\"uagb-ifb-title-wrap\"><h3 class=\"uagb-ifb-title\">Aplicaci\u00f3n M\u00f3vil<\/h3><\/div><p class=\"uagb-ifb-desc\">Ya sea que est\u00e9 creando una nueva aplicaci\u00f3n, aumentando la confianza en su idea de producto o renovando su producto actual; te tenemos cubierto. Reunimos el equipo perfecto, con todas las habilidades, herramientas y metodolog\u00edas adecuadas para ayudarlo a desarrollar un plan de proyecto s\u00f3lido: el punto de partida ideal para cualquier empresa que busque llevar su desarrollo de software al siguiente nivel.<br><br>Desarrollo de su proyecto en etapas sucesivas de dos semanas<br>Disponemos un equipo de trabajo para su proyecto con las siguientes caracter\u00edsticas:<br><br><strong>Desarrollo m\u00f3vil (ionic\/angular\/html\/flutter)<br>Servidor de desarrollo (nodejs\/mongodb)<br>Desarrollo web (i\u00f3nic\/angular\/html)<br>Gestion y pruebas<\/strong><br><br>Desarrollamos app mobile, servidor, aplicacion web de gesti\u00f3n.<br>Consideramos geolocalizaci\u00f3n, <br>Botones One-Touch (llamada, email y sms), <br>compartir, notificaci\u00f3n push, fotograf\u00edas, audios, videos, chat, etc.<\/p><\/div><\/div>\n<\/div>\n\n\n\n<div class=\"wp-block-uagb-image uagb-block-c519c62a wp-block-uagb-image--layout-default wp-block-uagb-image--effect-static wp-block-uagb-image--align-center\"><figure class=\"wp-block-uagb-image__figure\"><img loading=\"lazy\" srcset=\"https:\/\/nudgingweb.com\/wp-content\/uploads\/2022\/09\/Aplicaciones-Moviles-Aplicaciones-Moviles.jpg 1024w\" src=\"https:\/\/nudgingweb.com\/wp-content\/uploads\/2022\/09\/Aplicaciones-Moviles-Aplicaciones-Moviles.jpg\" alt=\"\" class=\"uag-image-2418\" width=\"476\" height=\"341\" title=\"\"\/><\/figure><\/div>\n<\/div><\/div>\n\n\n\n<div class=\"wp-block-uagb-container uagb-block-216c6fb5 alignfull uagb-is-root-container\"><div class=\"uagb-container-inner-blocks-wrap\">\n<div class=\"wp-block-uagb-image uagb-block-342d926a wp-block-uagb-image--layout-default wp-block-uagb-image--effect-static wp-block-uagb-image--align-none\"><figure class=\"wp-block-uagb-image__figure\"><img srcset=\"https:\/\/nudgingweb.com\/wp-content\/uploads\/2022\/09\/Redes-sociales-desconocidas-1.jpg 1024w\" src=\"https:\/\/nudgingweb.com\/wp-content\/uploads\/2022\/09\/Redes-sociales-desconocidas-1.jpg\" alt=\"\" class=\"uag-image-2416\" title=\"\"\/><\/figure><\/div>\n\n\n\n<div class=\"wp-block-uagb-container uagb-block-e6e737d2\">\n<div class=\"wp-block-uagb-info-box uagb-block-59171b00 uagb-infobox__content-wrap  uagb-infobox-icon-above-title uagb-infobox-image-valign-top\"><div class=\"uagb-ifb-content\"><div class=\"uagb-ifb-title-wrap\"><h3 class=\"uagb-ifb-title\">Publicidad en <br>Redes Sociales<\/h3><\/div><p class=\"uagb-ifb-desc\">Mostramos tu publicidad en redes sociales, Facebook e istagram seg\u00fan tu plan, Los contenidos ser\u00e1n visualizados por tus futuros clientes y con esto lograremos que tu negocio pueda aumentar el tr\u00e1fico de visitas en la pagina web, a esto le llamamos una buena estrategia en redes sociales<\/p><\/div><\/div>\n<\/div>\n<\/div><\/div>\n\n\n\n<div class=\"wp-block-uagb-container uagb-block-5c2c0208 alignfull uagb-is-root-container\"><div class=\"uagb-container-inner-blocks-wrap\">\n<div class=\"wp-block-uagb-container uagb-block-c83ed0a6\">\n<div class=\"wp-block-uagb-info-box uagb-block-c5fa312a uagb-infobox__content-wrap  uagb-infobox-icon-above-title uagb-infobox-image-valign-top\"><div class=\"uagb-ifb-content\"><div class=\"uagb-ifb-title-wrap\"><h3 class=\"uagb-ifb-title\">PUBLICIDAD<\/h3><\/div><p class=\"uagb-ifb-desc\"><strong>Creaci\u00f3n de avisos con im\u00e1genes<br>Administraci\u00f3n de la campa\u00f1a<br>Informes peri\u00f3dicos<br>Medici\u00f3n de conversiones<br>Integraci\u00f3n con Google Analytics<br>Creaci\u00f3n p\u00e1gina de empresa en Facebook<\/strong><\/p><\/div><\/div>\n<\/div>\n\n\n\n<div class=\"wp-block-uagb-image uagb-block-bf1b4f98 wp-block-uagb-image--layout-default wp-block-uagb-image--effect-static wp-block-uagb-image--align-none\"><figure class=\"wp-block-uagb-image__figure\"><img srcset=\"https:\/\/nudgingweb.com\/wp-content\/uploads\/2022\/09\/6-tipos-de-publicidad-en-internet-que-todo-negocio-debe-utilizar-3-1024x576.webp 1024w\" src=\"https:\/\/nudgingweb.com\/wp-content\/uploads\/2022\/09\/6-tipos-de-publicidad-en-internet-que-todo-negocio-debe-utilizar-3-1024x576.webp\" alt=\"\" class=\"uag-image-2417\" title=\"\"\/><\/figure><\/div>\n<\/div><\/div>\n","protected":false},"excerpt":{"rendered":"<p>Calidad, garant\u00eda e innovaci\u00f3n<\/p>\n","protected":false},"author":1,"featured_media":0,"parent":0,"menu_order":0,"comment_status":"closed","ping_status":"closed","template":"elementor_theme","meta":{"om_disable_all_campaigns":false,"_monsterinsights_skip_tracking":false,"_monsterinsights_sitenote_active":false,"_monsterinsights_sitenote_note":"","_monsterinsights_sitenote_category":0,"site-sidebar-layout":"default","site-content-layout":"default","ast-global-header-display":"","ast-main-header-display":"","ast-hfb-above-header-display":"","ast-hfb-below-header-display":"","ast-hfb-mobile-header-display":"","site-post-title":"","ast-breadcrumbs-content":"","ast-featured-img":"","footer-sml-layout":"","theme-transparent-header-meta":"","adv-header-id-meta":"","stick-header-meta":"","header-above-stick-meta":"","header-main-stick-meta":"","header-below-stick-meta":""},"aioseo_notices":[],"uagb_featured_image_src":{"full":false,"thumbnail":false,"medium":false,"medium_large":false,"large":false,"1536x1536":false,"2048x2048":false},"uagb_author_info":{"display_name":"nudgingweb@gmail.com","author_link":"https:\/\/nudgingweb.com\/?author=1"},"uagb_comment_info":0,"uagb_excerpt":"Calidad, garant\u00eda e innovaci\u00f3n","_links":{"self":[{"href":"https:\/\/nudgingweb.com\/index.php?rest_route=\/wp\/v2\/pages\/2"}],"collection":[{"href":"https:\/\/nudgingweb.com\/index.php?rest_route=\/wp\/v2\/pages"}],"about":[{"href":"https:\/\/nudgingweb.com\/index.php?rest_route=\/wp\/v2\/types\/page"}],"author":[{"embeddable":true,"href":"https:\/\/nudgingweb.com\/index.php?rest_route=\/wp\/v2\/users\/1"}],"replies":[{"embeddable":true,"href":"https:\/\/nudgingweb.com\/index.php?rest_route=%2Fwp%2Fv2%2Fcomments&post=2"}],"version-history":[{"count":1,"href":"https:\/\/nudgingweb.com\/index.php?rest_route=\/wp\/v2\/pages\/2\/revisions"}],"predecessor-version":[{"id":2419,"href":"https:\/\/nudgingweb.com\/index.php?rest_route=\/wp\/v2\/pages\/2\/revisions\/2419"}],"wp:attachment":[{"href":"https:\/\/nudgingweb.com\/index.php?rest_route=%2Fwp%2Fv2%2Fmedia&parent=2"}],"curies":[{"name":"wp","href":"https:\/\/api.w.org\/{rel}","templated":true}]}}